{"id":1715,"date":"2022-12-05T07:10:19","date_gmt":"2022-12-05T07:10:19","guid":{"rendered":"https:\/\/jenevi.wpstag.top\/werbeaktionen\/"},"modified":"2024-02-16T10:32:46","modified_gmt":"2024-02-16T10:32:46","slug":"werbeaktionen","status":"publish","type":"page","link":"https:\/\/jenevi.ch\/de\/werbeaktionen\/","title":{"rendered":"Werbeaktionen"},"content":{"rendered":"<div class=\"wpb-content-wrapper\"><p>[vc_row equal_height=&#8221;yes&#8221; content_placement=&#8221;middle&#8221; hide_bg_image_on_tablet=&#8221;&#8221; hide_bg_image_on_mobile=&#8221;&#8221; css=&#8221;.vc_custom_1670224767913{padding-top: 80px !important;padding-bottom: 80px !important;}&#8221;][vc_column icons_position=&#8221;left&#8221;][vc_single_image image=&#8221;1569&#8243; img_size=&#8221;full&#8221; alignment=&#8221;center&#8221;][vc_empty_space height=&#8221;50px&#8221; alter_height=&#8221;small&#8221; hide_on_wide=&#8221;&#8221; hide_on_desktop=&#8221;&#8221; hide_on_notebook=&#8221;&#8221; hide_on_tablet=&#8221;&#8221; hide_on_mobile=&#8221;&#8221; css=&#8221;.vc_custom_1670224620535{margin-bottom: 0rem !important;}&#8221;]<div id=\"sc_title_1832425226\"\n\t\tclass=\"sc_title sc_title_default mobile-padd\"><h2 class=\"sc_item_title sc_title_title sc_align_left sc_item_title_style_default\">Promozione Pagamenti Rateizzati<\/h2><\/div><!-- \/.sc_title -->[vc_empty_space alter_height=&#8221;small&#8221; hide_on_wide=&#8221;&#8221; hide_on_desktop=&#8221;&#8221; hide_on_notebook=&#8221;&#8221; hide_on_tablet=&#8221;&#8221; hide_on_mobile=&#8221;&#8221; css=&#8221;.vc_custom_1534928917052{margin-bottom: 1.7rem !important;}&#8221;][vc_column_text]<\/p>\n<ul class=\"trx_addons_list trx_addons_list_extra\">\n<li><span style=\"color: #1a2131;\">Wie oft haben Sie sich schon einen Wunsch erf\u00fcllt, mussten aber aus finanziellen Gr\u00fcnden darauf verzichten?<\/span><\/li>\n<li><span style=\"color: #1a2131;\">Wir versuchen, Ihren Bed\u00fcrfnissen gerecht zu werden, indem wir Ihnen die M\u00f6glichkeit bieten, die von Ihnen gew\u00e4hlte Behandlung jetzt durchzuf\u00fchren und in bequemen, zinslosen Raten in drei, sechs oder mehr Monaten zu bezahlen.<\/span><\/li>\n<li><span style=\"color: #1a2131;\">Schlie\u00dflich k\u00f6nnen Sie die gew\u00fcnschte Behandlung ausw\u00e4hlen, sich mit unserem Experten beraten, den Termin f\u00fcr Ihre Sitzung buchen und erst dann mit der Zahlung des Rechnungsbetrags beginnen, indem Sie ihn in bequeme, zinslose Monatsraten in einer Anzahl von 3 bis 12 je nach Ihrem Komfort und Ihrer Zahlungsf\u00e4higkeit aufteilen<\/span><\/li>\n<\/ul>\n<p>[\/vc_column_text][vc_empty_space height=&#8221;50px&#8221; alter_height=&#8221;small&#8221; hide_on_wide=&#8221;&#8221; hide_on_desktop=&#8221;&#8221; hide_on_notebook=&#8221;&#8221; hide_on_tablet=&#8221;&#8221; hide_on_mobile=&#8221;&#8221; css=&#8221;.vc_custom_1670224636702{margin-bottom: 0rem !important;}&#8221;]<a href=\"https:\/\/jenevi.ch\/contacts\/\" id=\"sc_button_2129074532\" class=\"sc_button sc_button_default sc_button_size_normal sc_button_icon_left\"><span class=\"sc_button_text\"><span class=\"sc_button_title\">Prenota un appuntamento<\/span><\/span><!-- \/.sc_button_text --><\/a><!-- \/.sc_button -->[\/vc_column][\/vc_row][vc_row disable_element=&#8221;yes&#8221;][vc_column icons_position=&#8221;left&#8221;]<div id=\"sc_content_1792745743\"\n\t\tclass=\"sc_content sc_content_default sc_content_width_100p sc_float_center\"><div class=\"sc_content_container\">[vc_single_image image=&#8221;2138&#8243; img_size=&#8221;full&#8221;][vc_empty_space height=&#8221;50px&#8221; alter_height=&#8221;small&#8221; hide_on_wide=&#8221;&#8221; hide_on_desktop=&#8221;&#8221; hide_on_notebook=&#8221;&#8221; hide_on_tablet=&#8221;&#8221; hide_on_mobile=&#8221;&#8221; css=&#8221;.vc_custom_1670224636702{margin-bottom: 0rem !important;}&#8221;]<a href=\"https:\/\/jenevi.ch\/contacts\/\" id=\"sc_button_560840022\" class=\"sc_button sc_button_default sc_button_size_normal sc_button_icon_left\"><span class=\"sc_button_text\"><span class=\"sc_button_title\">Prenota un appuntamento<\/span><\/span><!-- \/.sc_button_text --><\/a><!-- \/.sc_button -->[vc_empty_space height=&#8221;50px&#8221; alter_height=&#8221;small&#8221; hide_on_wide=&#8221;&#8221; hide_on_desktop=&#8221;&#8221; hide_on_notebook=&#8221;&#8221; hide_on_tablet=&#8221;&#8221; hide_on_mobile=&#8221;&#8221; css=&#8221;.vc_custom_1670224636702{margin-bottom: 0rem !important;}&#8221;]<\/div><\/div><!-- \/.sc_content -->[\/vc_column][\/vc_row][vc_row full_width=&#8221;stretch_row&#8221; hide_bg_image_on_tablet=&#8221;&#8221; hide_bg_image_on_mobile=&#8221;&#8221; row_delimiter=&#8221;&#8221; row_hide_unfixed=&#8221;&#8221; hide_on_wide=&#8221;&#8221; hide_on_desktop=&#8221;&#8221; hide_on_notebook=&#8221;&#8221; hide_on_tablet=&#8221;&#8221; hide_on_mobile=&#8221;&#8221; hide_on_frontpage=&#8221;&#8221; hide_on_singular=&#8221;&#8221; hide_on_other=&#8221;&#8221; css=&#8221;.vc_custom_1670224760576{padding-top: 100px !important;padding-bottom: 100px !important;background-color: #eff3f6 !important;}&#8221;][vc_column icons_position=&#8221;left&#8221;][vc_empty_space alter_height=&#8221;medium&#8221; hide_on_wide=&#8221;&#8221; hide_on_desktop=&#8221;&#8221; hide_on_notebook=&#8221;&#8221; hide_on_tablet=&#8221;&#8221; hide_on_mobile=&#8221;&#8221; css=&#8221;.vc_custom_1534929290282{margin-bottom: -0.8rem !important;}&#8221;]<div  id=\"sc_blogger_388892941\"\t\tclass=\"sc_blogger sc_blogger_default\"><h2 class=\"sc_item_title sc_blogger_title sc_align_left sc_item_title_style_default\">Letzte Nachrichten<\/h2><h6 class=\"sc_item_subtitle sc_blogger_subtitle sc_align_left sc_item_title_style_default\">Read Our Blog<\/h6><div id=\"sc_blogger_388892941_outer\" class=\"sc_blogger_slider sc_item_slider slider_swiper_outer slider_outer slider_outer_nocontrols slider_outer_nopagination slider_outer_multi\">\n\t<div id=\"sc_blogger_388892941_swiper\" class=\"slider_container swiper-slider-container slider_swiper slider_noresize slider_nocontrols slider_nopagination slider_multi\" data-slides-per-view=\"2\" data-slides-space=\"30\" data-slides-min-width=\"220\" data-pagination=\"bullets\">\n\t\t<div class=\"slides slider-wrapper swiper-wrapper sc_item_columns_2\"><div class=\"slider-slide swiper-slide\"><div class=\"sc_blogger_item post_format_standard post-1745 post type-post status-publish format-standard has-post-thumbnail hentry category-nachrichten-und-updates-de-2\"><div class=\"post-img\"><div class=\"post_featured with_thumb hover_icons sc_blogger_item_featured\"><img loading=\"lazy\" decoding=\"async\" width=\"900\" height=\"295\" src=\"https:\/\/jenevi.ch\/wp-content\/uploads\/2018\/01\/k_-vene-varicose-la-stagione-fredda-momento-perfetto-per-la-fleboterapia-18dil.jpg\" class=\"attachment-renewal-thumb-blogger size-renewal-thumb-blogger wp-post-image\" alt=\"\" srcset=\"https:\/\/jenevi.ch\/wp-content\/uploads\/2018\/01\/k_-vene-varicose-la-stagione-fredda-momento-perfetto-per-la-fleboterapia-18dil.jpg 900w, https:\/\/jenevi.ch\/wp-content\/uploads\/2018\/01\/k_-vene-varicose-la-stagione-fredda-momento-perfetto-per-la-fleboterapia-18dil-300x98.jpg 300w, https:\/\/jenevi.ch\/wp-content\/uploads\/2018\/01\/k_-vene-varicose-la-stagione-fredda-momento-perfetto-per-la-fleboterapia-18dil-768x252.jpg 768w, https:\/\/jenevi.ch\/wp-content\/uploads\/2018\/01\/k_-vene-varicose-la-stagione-fredda-momento-perfetto-per-la-fleboterapia-18dil-370x121.jpg 370w, https:\/\/jenevi.ch\/wp-content\/uploads\/2018\/01\/k_-vene-varicose-la-stagione-fredda-momento-perfetto-per-la-fleboterapia-18dil-760x249.jpg 760w\" sizes=\"auto, (max-width: 900px) 100vw, 900px\" \/>\t\t\t\t\t\t<div class=\"mask\"><\/div>\n\t\t\t\t\t\t\t\t\t<div class=\"icons\">\n\t\t\t\t\t\t\t\t<a href=\"https:\/\/jenevi.ch\/wp-content\/uploads\/2018\/01\/k_-vene-varicose-la-stagione-fredda-momento-perfetto-per-la-fleboterapia-18dil.jpg\" aria-hidden=\"true\" class=\"icon-013_view\" title=\"Der Herbst ist die beste Jahreszeit f\u00fcr die Behandlung von Venen mit Phlebototherapie\"><\/a>\n\t\t\t\t\t\t\t\t<a href=\"https:\/\/jenevi.ch\/de\/der-herbst-ist-die-beste-jahreszeit-fuer-die-behandlung-von-venen-mit-phlebototherapie\/\"  aria-hidden=\"true\" class=\"icon-014_link\n\t\t\t\t\t\t\t\t\t\t\t\t\t\"><\/a>\n\t\t\t<\/div>\n\t\t\t<\/div><div class=\"cat-block\">\t\t<div class=\"post_meta\">\n\t\t\t\t\t\t\t\t\t<span class=\"post_meta_item post_categories\"><a href=\"https:\/\/jenevi.ch\/de\/category\/nachrichten-und-updates-de-2\/\" rel=\"category tag\">Nachrichten und Updates<\/a><\/span>\n\t\t\t\t\t\t\t\t<\/div><!-- .post_meta -->\n\t\t\t\t\t<\/div><\/div><div class=\"sc_blogger_item_content entry-content\"><div class=\"blogger-content\"><div class=\"sc_blogger_item_header entry-header\">\t\t<div class=\"post_meta\">\n\t\t\t\t\t\t\t\t\t<span class=\"post_meta_item post_date\n\t\t\t\t\t\t\t\t\t\t\t\t\t\t\"\n\t\t\t\t\t\t\t\t\t\t\t\t\t>\n\t\t\t\t\t\t\t\t\t\t\t\t\t\t\t<a href=\"https:\/\/jenevi.ch\/de\/der-herbst-ist-die-beste-jahreszeit-fuer-die-behandlung-von-venen-mit-phlebototherapie\/\">\n\t\t\t\t\t\t\t\tJanuary 26, 2018\t\t\t\t\t\t\t\t<\/a>\n\t\t\t\t\t\t\t\t\t\t\t\t\t\t<\/span>\n\t\t\t\t\t\t\t\t<\/div><!-- .post_meta -->\n\t\t<h5 class=\"sc_blogger_item_title entry-title\"><a href=\"https:\/\/jenevi.ch\/de\/der-herbst-ist-die-beste-jahreszeit-fuer-die-behandlung-von-venen-mit-phlebototherapie\/\" rel=\"bookmark\">Der Herbst ist die beste Jahreszeit f\u00fcr die Behandlung von Venen mit Phlebototherapie<\/a><\/h5><\/div><!-- .entry-header --><div class=\"sc_blogger_item_button sc_item_button\"><a href=\"https:\/\/jenevi.ch\/de\/der-herbst-ist-die-beste-jahreszeit-fuer-die-behandlung-von-venen-mit-phlebototherapie\/\" class=\"sc_button sc_button_simple\">Read more<\/a><\/div><\/div><!-- .entry-content -->\t<div class=\"blogger-meta\">\t\t<div class=\"post_meta\">\n\t\t\t <a href=\"https:\/\/jenevi.ch\/de\/der-herbst-ist-die-beste-jahreszeit-fuer-die-behandlung-von-venen-mit-phlebototherapie\/#respond\" class=\"post_meta_item post_counters_item post_counters_comments trx_addons_icon-comment\"><span class=\"post_counters_number\">0<\/span><span class=\"post_counters_label\">Comments<\/span><\/a> \t\t<\/div><!-- .post_meta -->\n\t\t\n\t<\/div>\n\t<\/div>\n\n\t<\/div><!-- .sc_blogger_item --><\/div><div class=\"slider-slide swiper-slide\"><div class=\"sc_blogger_item post_format_standard post-1744 post type-post status-publish format-standard has-post-thumbnail hentry category-nachrichten-und-updates-de-2\"><div class=\"post-img\"><div class=\"post_featured with_thumb hover_icons sc_blogger_item_featured\"><img loading=\"lazy\" decoding=\"async\" width=\"1200\" height=\"394\" src=\"https:\/\/jenevi.ch\/wp-content\/uploads\/2018\/01\/k_-pelle-medilift-collo-viso-pensa-18bkq.jpg\" class=\"attachment-renewal-thumb-blogger size-renewal-thumb-blogger wp-post-image\" alt=\"\" srcset=\"https:\/\/jenevi.ch\/wp-content\/uploads\/2018\/01\/k_-pelle-medilift-collo-viso-pensa-18bkq.jpg 1200w, https:\/\/jenevi.ch\/wp-content\/uploads\/2018\/01\/k_-pelle-medilift-collo-viso-pensa-18bkq-300x99.jpg 300w, https:\/\/jenevi.ch\/wp-content\/uploads\/2018\/01\/k_-pelle-medilift-collo-viso-pensa-18bkq-1024x336.jpg 1024w, https:\/\/jenevi.ch\/wp-content\/uploads\/2018\/01\/k_-pelle-medilift-collo-viso-pensa-18bkq-768x252.jpg 768w, https:\/\/jenevi.ch\/wp-content\/uploads\/2018\/01\/k_-pelle-medilift-collo-viso-pensa-18bkq-370x121.jpg 370w, https:\/\/jenevi.ch\/wp-content\/uploads\/2018\/01\/k_-pelle-medilift-collo-viso-pensa-18bkq-760x250.jpg 760w\" sizes=\"auto, (max-width: 1200px) 100vw, 1200px\" \/>\t\t\t\t\t\t<div class=\"mask\"><\/div>\n\t\t\t\t\t\t\t\t\t<div class=\"icons\">\n\t\t\t\t\t\t\t\t<a href=\"https:\/\/jenevi.ch\/wp-content\/uploads\/2018\/01\/k_-pelle-medilift-collo-viso-pensa-18bkq.jpg\" aria-hidden=\"true\" class=\"icon-013_view\" title=\"Der Hals verr\u00e4t sein Alter: Pflegen Sie ihn mit Medilift\"><\/a>\n\t\t\t\t\t\t\t\t<a href=\"https:\/\/jenevi.ch\/de\/der-hals-verraet-sein-alter-pflegen-sie-ihn-mit-medilift\/\"  aria-hidden=\"true\" class=\"icon-014_link\n\t\t\t\t\t\t\t\t\t\t\t\t\t\"><\/a>\n\t\t\t<\/div>\n\t\t\t<\/div><div class=\"cat-block\">\t\t<div class=\"post_meta\">\n\t\t\t\t\t\t\t\t\t<span class=\"post_meta_item post_categories\"><a href=\"https:\/\/jenevi.ch\/de\/category\/nachrichten-und-updates-de-2\/\" rel=\"category tag\">Nachrichten und Updates<\/a><\/span>\n\t\t\t\t\t\t\t\t<\/div><!-- .post_meta -->\n\t\t\t\t\t<\/div><\/div><div class=\"sc_blogger_item_content entry-content\"><div class=\"blogger-content\"><div class=\"sc_blogger_item_header entry-header\">\t\t<div class=\"post_meta\">\n\t\t\t\t\t\t\t\t\t<span class=\"post_meta_item post_date\n\t\t\t\t\t\t\t\t\t\t\t\t\t\t\"\n\t\t\t\t\t\t\t\t\t\t\t\t\t>\n\t\t\t\t\t\t\t\t\t\t\t\t\t\t\t<a href=\"https:\/\/jenevi.ch\/de\/der-hals-verraet-sein-alter-pflegen-sie-ihn-mit-medilift\/\">\n\t\t\t\t\t\t\t\tJanuary 22, 2018\t\t\t\t\t\t\t\t<\/a>\n\t\t\t\t\t\t\t\t\t\t\t\t\t\t<\/span>\n\t\t\t\t\t\t\t\t<\/div><!-- .post_meta -->\n\t\t<h5 class=\"sc_blogger_item_title entry-title\"><a href=\"https:\/\/jenevi.ch\/de\/der-hals-verraet-sein-alter-pflegen-sie-ihn-mit-medilift\/\" rel=\"bookmark\">Der Hals verr\u00e4t sein Alter: Pflegen Sie ihn mit Medilift<\/a><\/h5><\/div><!-- .entry-header --><div class=\"sc_blogger_item_button sc_item_button\"><a href=\"https:\/\/jenevi.ch\/de\/der-hals-verraet-sein-alter-pflegen-sie-ihn-mit-medilift\/\" class=\"sc_button sc_button_simple\">Read more<\/a><\/div><\/div><!-- .entry-content -->\t<div class=\"blogger-meta\">\t\t<div class=\"post_meta\">\n\t\t\t <a href=\"https:\/\/jenevi.ch\/de\/der-hals-verraet-sein-alter-pflegen-sie-ihn-mit-medilift\/#respond\" class=\"post_meta_item post_counters_item post_counters_comments trx_addons_icon-comment\"><span class=\"post_counters_number\">0<\/span><span class=\"post_counters_label\">Comments<\/span><\/a> \t\t<\/div><!-- .post_meta -->\n\t\t\n\t<\/div>\n\t<\/div>\n\n\t<\/div><!-- .sc_blogger_item --><\/div><div class=\"slider-slide swiper-slide\"><div class=\"sc_blogger_item post_format_standard post-1743 post type-post status-publish format-standard has-post-thumbnail hentry category-nachrichten-und-updates-de-2\"><div class=\"post-img\"><div class=\"post_featured with_thumb hover_icons sc_blogger_item_featured\"><img loading=\"lazy\" decoding=\"async\" width=\"1200\" height=\"394\" src=\"https:\/\/jenevi.ch\/wp-content\/uploads\/2018\/01\/k_-medilipo-glutei-trattamento-lato-grasso-188gj.jpg\" class=\"attachment-renewal-thumb-blogger size-renewal-thumb-blogger wp-post-image\" alt=\"\" srcset=\"https:\/\/jenevi.ch\/wp-content\/uploads\/2018\/01\/k_-medilipo-glutei-trattamento-lato-grasso-188gj.jpg 1200w, https:\/\/jenevi.ch\/wp-content\/uploads\/2018\/01\/k_-medilipo-glutei-trattamento-lato-grasso-188gj-300x99.jpg 300w, https:\/\/jenevi.ch\/wp-content\/uploads\/2018\/01\/k_-medilipo-glutei-trattamento-lato-grasso-188gj-1024x336.jpg 1024w, https:\/\/jenevi.ch\/wp-content\/uploads\/2018\/01\/k_-medilipo-glutei-trattamento-lato-grasso-188gj-768x252.jpg 768w, https:\/\/jenevi.ch\/wp-content\/uploads\/2018\/01\/k_-medilipo-glutei-trattamento-lato-grasso-188gj-370x121.jpg 370w, https:\/\/jenevi.ch\/wp-content\/uploads\/2018\/01\/k_-medilipo-glutei-trattamento-lato-grasso-188gj-760x250.jpg 760w\" sizes=\"auto, (max-width: 1200px) 100vw, 1200px\" \/>\t\t\t\t\t\t<div class=\"mask\"><\/div>\n\t\t\t\t\t\t\t\t\t<div class=\"icons\">\n\t\t\t\t\t\t\t\t<a href=\"https:\/\/jenevi.ch\/wp-content\/uploads\/2018\/01\/k_-medilipo-glutei-trattamento-lato-grasso-188gj.jpg\" aria-hidden=\"true\" class=\"icon-013_view\" title=\"Straffung des Ges\u00e4\u00dfes mit Medilipo\"><\/a>\n\t\t\t\t\t\t\t\t<a href=\"https:\/\/jenevi.ch\/de\/straffung-des-gesaesses-mit-medilipo\/\"  aria-hidden=\"true\" class=\"icon-014_link\n\t\t\t\t\t\t\t\t\t\t\t\t\t\"><\/a>\n\t\t\t<\/div>\n\t\t\t<\/div><div class=\"cat-block\">\t\t<div class=\"post_meta\">\n\t\t\t\t\t\t\t\t\t<span class=\"post_meta_item post_categories\"><a href=\"https:\/\/jenevi.ch\/de\/category\/nachrichten-und-updates-de-2\/\" rel=\"category tag\">Nachrichten und Updates<\/a><\/span>\n\t\t\t\t\t\t\t\t<\/div><!-- .post_meta -->\n\t\t\t\t\t<\/div><\/div><div class=\"sc_blogger_item_content entry-content\"><div class=\"blogger-content\"><div class=\"sc_blogger_item_header entry-header\">\t\t<div class=\"post_meta\">\n\t\t\t\t\t\t\t\t\t<span class=\"post_meta_item post_date\n\t\t\t\t\t\t\t\t\t\t\t\t\t\t\"\n\t\t\t\t\t\t\t\t\t\t\t\t\t>\n\t\t\t\t\t\t\t\t\t\t\t\t\t\t\t<a href=\"https:\/\/jenevi.ch\/de\/straffung-des-gesaesses-mit-medilipo\/\">\n\t\t\t\t\t\t\t\tJanuary 6, 2018\t\t\t\t\t\t\t\t<\/a>\n\t\t\t\t\t\t\t\t\t\t\t\t\t\t<\/span>\n\t\t\t\t\t\t\t\t<\/div><!-- .post_meta -->\n\t\t<h5 class=\"sc_blogger_item_title entry-title\"><a href=\"https:\/\/jenevi.ch\/de\/straffung-des-gesaesses-mit-medilipo\/\" rel=\"bookmark\">Straffung des Ges\u00e4\u00dfes mit Medilipo<\/a><\/h5><\/div><!-- .entry-header --><div class=\"sc_blogger_item_button sc_item_button\"><a href=\"https:\/\/jenevi.ch\/de\/straffung-des-gesaesses-mit-medilipo\/\" class=\"sc_button sc_button_simple\">Read more<\/a><\/div><\/div><!-- .entry-content -->\t<div class=\"blogger-meta\">\t\t<div class=\"post_meta\">\n\t\t\t <a href=\"https:\/\/jenevi.ch\/de\/straffung-des-gesaesses-mit-medilipo\/#respond\" class=\"post_meta_item post_counters_item post_counters_comments trx_addons_icon-comment\"><span class=\"post_counters_number\">0<\/span><span class=\"post_counters_label\">Comments<\/span><\/a> \t\t<\/div><!-- .post_meta -->\n\t\t\n\t<\/div>\n\t<\/div>\n\n\t<\/div><!-- .sc_blogger_item --><\/div><\/div><\/div><\/div><\/div>[\/vc_column][\/vc_row]<\/p>\n<\/div>","protected":false},"excerpt":{"rendered":"<p>[vc_row equal_height=&#8221;yes&#8221; content_placement=&#8221;middle&#8221; hide_bg_image_on_tablet=&#8221;&#8221; hide_bg_image_on_mobile=&#8221;&#8221; css=&#8221;.vc_custom_1670224767913{padding-top: 80px !important;padding-bottom: 80px !important;}&#8221;][vc_column icons_position=&#8221;left&#8221;][vc_single_image image=&#8221;1569&#8243; img_size=&#8221;full&#8221; alignment=&#8221;center&#8221;][vc_empty_space height=&#8221;50px&#8221; alter_height=&#8221;small&#8221; hide_on_wide=&#8221;&#8221; hide_on_desktop=&#8221;&#8221; hide_on_notebook=&#8221;&#8221; hide_on_tablet=&#8221;&#8221; hide_on_mobile=&#8221;&#8221; css=&#8221;.vc_custom_1670224620535{margin-bottom: 0rem !important;}&#8221;][vc_empty_space alter_height=&#8221;small&#8221;&hellip;<\/p>\n","protected":false},"author":1,"featured_media":0,"parent":0,"menu_order":0,"comment_status":"closed","ping_status":"closed","template":"","meta":{"footnotes":""},"class_list":["post-1715","page","type-page","status-publish","hentry"],"yoast_head":"<!-- This site is optimized with the Yoast SEO plugin v26.4 - https:\/\/yoast.com\/wordpress\/plugins\/seo\/ -->\n<title>Werbeaktionen - Jenev\u00ec Lugano<\/title>\n<meta name=\"robots\" content=\"index, follow, max-snippet:-1, max-image-preview:large, max-video-preview:-1\" \/>\n<link rel=\"canonical\" href=\"https:\/\/jenevi.ch\/de\/werbeaktionen\/\" \/>\n<meta property=\"og:locale\" content=\"de_DE\" \/>\n<meta property=\"og:type\" content=\"article\" \/>\n<meta property=\"og:title\" content=\"Werbeaktionen - Jenev\u00ec Lugano\" \/>\n<meta property=\"og:description\" content=\"[vc_row equal_height=&#8221;yes&#8221; content_placement=&#8221;middle&#8221; hide_bg_image_on_tablet=&#8221;&#8221; hide_bg_image_on_mobile=&#8221;&#8221; css=&#8221;.vc_custom_1670224767913{padding-top: 80px !important;padding-bottom: 80px !important;}&#8221;][vc_column icons_position=&#8221;left&#8221;][vc_single_image image=&#8221;1569&#8243; img_size=&#8221;full&#8221; alignment=&#8221;center&#8221;][vc_empty_space height=&#8221;50px&#8221; alter_height=&#8221;small&#8221; hide_on_wide=&#8221;&#8221; hide_on_desktop=&#8221;&#8221; hide_on_notebook=&#8221;&#8221; hide_on_tablet=&#8221;&#8221; hide_on_mobile=&#8221;&#8221; css=&#8221;.vc_custom_1670224620535{margin-bottom: 0rem !important;}&#8221;][vc_empty_space alter_height=&#8221;small&#8221;&hellip;\" \/>\n<meta property=\"og:url\" content=\"https:\/\/jenevi.ch\/de\/werbeaktionen\/\" \/>\n<meta property=\"og:site_name\" content=\"Jenev\u00ec Lugano\" \/>\n<meta property=\"article:publisher\" content=\"https:\/\/www.facebook.com\/Medijeunesseclinic\" \/>\n<meta property=\"article:modified_time\" content=\"2024-02-16T10:32:46+00:00\" \/>\n<meta name=\"twitter:card\" content=\"summary_large_image\" \/>\n<meta name=\"twitter:site\" content=\"@MedijeunesseSA\" \/>\n<meta name=\"twitter:label1\" content=\"Est. reading time\" \/>\n\t<meta name=\"twitter:data1\" content=\"2 minutes\" \/>\n<script type=\"application\/ld+json\" class=\"yoast-schema-graph\">{\"@context\":\"https:\/\/schema.org\",\"@graph\":[{\"@type\":\"WebPage\",\"@id\":\"https:\/\/jenevi.ch\/de\/werbeaktionen\/\",\"url\":\"https:\/\/jenevi.ch\/de\/werbeaktionen\/\",\"name\":\"Werbeaktionen - Jenev\u00ec Lugano\",\"isPartOf\":{\"@id\":\"https:\/\/jenevi.ch\/de\/#website\"},\"datePublished\":\"2022-12-05T07:10:19+00:00\",\"dateModified\":\"2024-02-16T10:32:46+00:00\",\"breadcrumb\":{\"@id\":\"https:\/\/jenevi.ch\/de\/werbeaktionen\/#breadcrumb\"},\"inLanguage\":\"de-DE\",\"potentialAction\":[{\"@type\":\"ReadAction\",\"target\":[\"https:\/\/jenevi.ch\/de\/werbeaktionen\/\"]}]},{\"@type\":\"BreadcrumbList\",\"@id\":\"https:\/\/jenevi.ch\/de\/werbeaktionen\/#breadcrumb\",\"itemListElement\":[{\"@type\":\"ListItem\",\"position\":1,\"name\":\"Home\",\"item\":\"https:\/\/jenevi.ch\/de\/\"},{\"@type\":\"ListItem\",\"position\":2,\"name\":\"Werbeaktionen\"}]},{\"@type\":\"WebSite\",\"@id\":\"https:\/\/jenevi.ch\/de\/#website\",\"url\":\"https:\/\/jenevi.ch\/de\/\",\"name\":\"MEDIJEUNESSECLINIC\",\"description\":\"Jenev\u00ec Lugano\",\"publisher\":{\"@id\":\"https:\/\/jenevi.ch\/de\/#organization\"},\"potentialAction\":[{\"@type\":\"SearchAction\",\"target\":{\"@type\":\"EntryPoint\",\"urlTemplate\":\"https:\/\/jenevi.ch\/de\/?s={search_term_string}\"},\"query-input\":{\"@type\":\"PropertyValueSpecification\",\"valueRequired\":true,\"valueName\":\"search_term_string\"}}],\"inLanguage\":\"de-DE\"},{\"@type\":\"Organization\",\"@id\":\"https:\/\/jenevi.ch\/de\/#organization\",\"name\":\"MEDIJEUNESSE SA\",\"url\":\"https:\/\/jenevi.ch\/de\/\",\"logo\":{\"@type\":\"ImageObject\",\"inLanguage\":\"de-DE\",\"@id\":\"https:\/\/jenevi.ch\/de\/#\/schema\/logo\/image\/\",\"url\":\"https:\/\/jenevi.ch\/wp-content\/uploads\/2025\/12\/cropped-logo-new-jenevi-lugano.jpeg\",\"contentUrl\":\"https:\/\/jenevi.ch\/wp-content\/uploads\/2025\/12\/cropped-logo-new-jenevi-lugano.jpeg\",\"width\":1321,\"height\":729,\"caption\":\"MEDIJEUNESSE SA\"},\"image\":{\"@id\":\"https:\/\/jenevi.ch\/de\/#\/schema\/logo\/image\/\"},\"sameAs\":[\"https:\/\/www.facebook.com\/Medijeunesseclinic\",\"https:\/\/x.com\/MedijeunesseSA\",\"https:\/\/www.linkedin.com\/company\/medi-jeunesse\/\",\"https:\/\/www.instagram.com\/medijeunesseclinic\/\"]}]}<\/script>\n<!-- \/ Yoast SEO plugin. -->","yoast_head_json":{"title":"Werbeaktionen - Jenev\u00ec Lugano","robots":{"index":"index","follow":"follow","max-snippet":"max-snippet:-1","max-image-preview":"max-image-preview:large","max-video-preview":"max-video-preview:-1"},"canonical":"https:\/\/jenevi.ch\/de\/werbeaktionen\/","og_locale":"de_DE","og_type":"article","og_title":"Werbeaktionen - Jenev\u00ec Lugano","og_description":"[vc_row equal_height=&#8221;yes&#8221; content_placement=&#8221;middle&#8221; hide_bg_image_on_tablet=&#8221;&#8221; hide_bg_image_on_mobile=&#8221;&#8221; css=&#8221;.vc_custom_1670224767913{padding-top: 80px !important;padding-bottom: 80px !important;}&#8221;][vc_column icons_position=&#8221;left&#8221;][vc_single_image image=&#8221;1569&#8243; img_size=&#8221;full&#8221; alignment=&#8221;center&#8221;][vc_empty_space height=&#8221;50px&#8221; alter_height=&#8221;small&#8221; hide_on_wide=&#8221;&#8221; hide_on_desktop=&#8221;&#8221; hide_on_notebook=&#8221;&#8221; hide_on_tablet=&#8221;&#8221; hide_on_mobile=&#8221;&#8221; css=&#8221;.vc_custom_1670224620535{margin-bottom: 0rem !important;}&#8221;][vc_empty_space alter_height=&#8221;small&#8221;&hellip;","og_url":"https:\/\/jenevi.ch\/de\/werbeaktionen\/","og_site_name":"Jenev\u00ec Lugano","article_publisher":"https:\/\/www.facebook.com\/Medijeunesseclinic","article_modified_time":"2024-02-16T10:32:46+00:00","twitter_card":"summary_large_image","twitter_site":"@MedijeunesseSA","twitter_misc":{"Est. reading time":"2 minutes"},"schema":{"@context":"https:\/\/schema.org","@graph":[{"@type":"WebPage","@id":"https:\/\/jenevi.ch\/de\/werbeaktionen\/","url":"https:\/\/jenevi.ch\/de\/werbeaktionen\/","name":"Werbeaktionen - Jenev\u00ec Lugano","isPartOf":{"@id":"https:\/\/jenevi.ch\/de\/#website"},"datePublished":"2022-12-05T07:10:19+00:00","dateModified":"2024-02-16T10:32:46+00:00","breadcrumb":{"@id":"https:\/\/jenevi.ch\/de\/werbeaktionen\/#breadcrumb"},"inLanguage":"de-DE","potentialAction":[{"@type":"ReadAction","target":["https:\/\/jenevi.ch\/de\/werbeaktionen\/"]}]},{"@type":"BreadcrumbList","@id":"https:\/\/jenevi.ch\/de\/werbeaktionen\/#breadcrumb","itemListElement":[{"@type":"ListItem","position":1,"name":"Home","item":"https:\/\/jenevi.ch\/de\/"},{"@type":"ListItem","position":2,"name":"Werbeaktionen"}]},{"@type":"WebSite","@id":"https:\/\/jenevi.ch\/de\/#website","url":"https:\/\/jenevi.ch\/de\/","name":"MEDIJEUNESSECLINIC","description":"Jenev\u00ec Lugano","publisher":{"@id":"https:\/\/jenevi.ch\/de\/#organization"},"potentialAction":[{"@type":"SearchAction","target":{"@type":"EntryPoint","urlTemplate":"https:\/\/jenevi.ch\/de\/?s={search_term_string}"},"query-input":{"@type":"PropertyValueSpecification","valueRequired":true,"valueName":"search_term_string"}}],"inLanguage":"de-DE"},{"@type":"Organization","@id":"https:\/\/jenevi.ch\/de\/#organization","name":"MEDIJEUNESSE SA","url":"https:\/\/jenevi.ch\/de\/","logo":{"@type":"ImageObject","inLanguage":"de-DE","@id":"https:\/\/jenevi.ch\/de\/#\/schema\/logo\/image\/","url":"https:\/\/jenevi.ch\/wp-content\/uploads\/2025\/12\/cropped-logo-new-jenevi-lugano.jpeg","contentUrl":"https:\/\/jenevi.ch\/wp-content\/uploads\/2025\/12\/cropped-logo-new-jenevi-lugano.jpeg","width":1321,"height":729,"caption":"MEDIJEUNESSE SA"},"image":{"@id":"https:\/\/jenevi.ch\/de\/#\/schema\/logo\/image\/"},"sameAs":["https:\/\/www.facebook.com\/Medijeunesseclinic","https:\/\/x.com\/MedijeunesseSA","https:\/\/www.linkedin.com\/company\/medi-jeunesse\/","https:\/\/www.instagram.com\/medijeunesseclinic\/"]}]}},"_links":{"self":[{"href":"https:\/\/jenevi.ch\/de\/wp-json\/wp\/v2\/pages\/1715","targetHints":{"allow":["GET"]}}],"collection":[{"href":"https:\/\/jenevi.ch\/de\/wp-json\/wp\/v2\/pages"}],"about":[{"href":"https:\/\/jenevi.ch\/de\/wp-json\/wp\/v2\/types\/page"}],"author":[{"embeddable":true,"href":"https:\/\/jenevi.ch\/de\/wp-json\/wp\/v2\/users\/1"}],"replies":[{"embeddable":true,"href":"https:\/\/jenevi.ch\/de\/wp-json\/wp\/v2\/comments?post=1715"}],"version-history":[{"count":8,"href":"https:\/\/jenevi.ch\/de\/wp-json\/wp\/v2\/pages\/1715\/revisions"}],"predecessor-version":[{"id":2300,"href":"https:\/\/jenevi.ch\/de\/wp-json\/wp\/v2\/pages\/1715\/revisions\/2300"}],"wp:attachment":[{"href":"https:\/\/jenevi.ch\/de\/wp-json\/wp\/v2\/media?parent=1715"}],"curies":[{"name":"wp","href":"https:\/\/api.w.org\/{rel}","templated":true}]}}