{"id":1672,"date":"2018-02-01T10:42:26","date_gmt":"2018-02-01T10:42:26","guid":{"rendered":"https:\/\/jenevi.wpstag.top\/cellulite-test\/"},"modified":"2023-06-07T13:37:21","modified_gmt":"2023-06-07T13:37:21","slug":"cellulite-test","status":"publish","type":"page","link":"https:\/\/jenevi.ch\/de\/cellulite-test\/","title":{"rendered":"Cellulite-Test"},"content":{"rendered":"<div class=\"wpb-content-wrapper\"><p>[vc_row full_width=&#8221;stretch_row&#8221; hide_bg_image_on_tablet=&#8221;&#8221; hide_bg_image_on_mobile=&#8221;&#8221; row_delimiter=&#8221;&#8221; row_hide_unfixed=&#8221;&#8221; hide_on_wide=&#8221;&#8221; hide_on_desktop=&#8221;&#8221; hide_on_notebook=&#8221;&#8221; hide_on_tablet=&#8221;&#8221; hide_on_mobile=&#8221;&#8221; hide_on_frontpage=&#8221;&#8221; hide_on_singular=&#8221;&#8221; hide_on_other=&#8221;&#8221; css=&#8221;.vc_custom_1670487867268{background-size: cover !important;}&#8221;][vc_column width=&#8221;1\/4&#8243; icons_position=&#8221;left&#8221;][\/vc_column][vc_column width=&#8221;1\/2&#8243; hide_bg_image_on_tablet=&#8221;&#8221; hide_bg_image_on_mobile=&#8221;&#8221; icons_position=&#8221;left&#8221;][vc_empty_space alter_height=&#8221;none&#8221; hide_on_wide=&#8221;&#8221; hide_on_desktop=&#8221;&#8221; hide_on_notebook=&#8221;&#8221; hide_on_tablet=&#8221;&#8221; hide_on_mobile=&#8221;&#8221;]<div id=\"sc_title_1039149815\"\n\t\tclass=\"sc_title sc_title_default\"><h4 class=\"sc_item_title sc_title_title sc_align_center sc_item_title_style_default sc_item_title_tag\">Medizinische Kuren und Sch\u00f6nheitskuren. Anti-Aging-Therapien<\/h4><h6 class=\"sc_item_subtitle sc_title_subtitle sc_align_center sc_item_title_style_default\">Medi Jeunesse SA<\/h6><\/div><!-- \/.sc_title -->[vc_empty_space alter_height=&#8221;none&#8221; hide_on_wide=&#8221;&#8221; hide_on_desktop=&#8221;&#8221; hide_on_notebook=&#8221;&#8221; hide_on_tablet=&#8221;&#8221; hide_on_mobile=&#8221;&#8221;]<div id=\"widget_contacts_343686552\" class=\"widget_area sc_widget_contacts vc_widget_contacts wpb_content_element text-center contact-cellulite\"><aside id=\"widget_contacts_343686552_widget\" class=\"widget widget_contacts\"><div class=\"contacts_wrap\"><div class=\"contacts_info\"><span class=\"contacts_address\">Adresse: Corso Elvezia 9A - 6900 <br> Stadt: Lugano<\/span><span class=\"contacts_email\"><a href=\"mailto:Med&#105;&#106;&#101;u&#110;&#101;ss&#101;l&#117;g&#97;no&#64;gm&#97;&#105;l.&#99;&#111;m\">Me&#100;i&#106;eu&#110;&#101;&#115;se&#108;ug&#97;&#110;&#111;&#64;g&#109;ail&#46;com<\/a><\/span><a href=\"tel:0916000707\" class=\"contacts_phone\">091 6000707<\/a><\/div><\/div><!-- \/.contacts_wrap --><\/aside><\/div>[vc_empty_space alter_height=&#8221;none&#8221; hide_on_wide=&#8221;&#8221; hide_on_desktop=&#8221;&#8221; hide_on_notebook=&#8221;&#8221; hide_on_tablet=&#8221;&#8221; hide_on_mobile=&#8221;&#8221;][\/vc_column][vc_column width=&#8221;1\/4&#8243; icons_position=&#8221;left&#8221;][\/vc_column][\/vc_row][vc_row][vc_column icons_position=&#8221;left&#8221;][vc_empty_space alter_height=&#8221;none&#8221; hide_on_wide=&#8221;&#8221; hide_on_desktop=&#8221;&#8221; hide_on_notebook=&#8221;&#8221; hide_on_tablet=&#8221;&#8221; hide_on_mobile=&#8221;&#8221;]\n<div class=\"wpcf7 no-js\" id=\"wpcf7-f2157-o1\" lang=\"en-US\" dir=\"ltr\" data-wpcf7-id=\"2157\">\n<div class=\"screen-reader-response\"><p role=\"status\" aria-live=\"polite\" aria-atomic=\"true\"><\/p> <ul><\/ul><\/div>\n<form action=\"\/de\/wp-json\/wp\/v2\/pages\/1672#wpcf7-f2157-o1\" method=\"post\" class=\"wpcf7-form init\" aria-label=\"Contact form\" novalidate=\"novalidate\" data-status=\"init\">\n<fieldset class=\"hidden-fields-container\"><input type=\"hidden\" name=\"_wpcf7\" value=\"2157\" \/><input type=\"hidden\" name=\"_wpcf7_version\" value=\"6.1.4\" \/><input type=\"hidden\" name=\"_wpcf7_locale\" value=\"en_US\" \/><input type=\"hidden\" name=\"_wpcf7_unit_tag\" value=\"wpcf7-f2157-o1\" \/><input type=\"hidden\" name=\"_wpcf7_container_post\" value=\"0\" \/><input type=\"hidden\" name=\"_wpcf7_posted_data_hash\" value=\"\" \/>\n<\/fieldset>\n<div class=\"contact_us contact_cellulite\">\n    <div class=\"itm row domanda-text\">Frage 1<\/div>\n    <div class=\"itm row\">Von Cellulite betroffener Bereich<\/div>\n     <span class=\"wpcf7-form-control-wrap\" data-name=\"checkbox-105\"><span class=\"wpcf7-form-control wpcf7-checkbox wpcf7-validates-as-required\"><span class=\"wpcf7-list-item first\"><label><input type=\"checkbox\" name=\"checkbox-105[]\" value=\"Auf der R\u00fcckseite des Oberschenkels\" \/><span class=\"wpcf7-list-item-label\">Auf der R\u00fcckseite des Oberschenkels<\/span><\/label><\/span><span class=\"wpcf7-list-item\"><label><input type=\"checkbox\" name=\"checkbox-105[]\" value=\"Vor den Oberschenkeln\" \/><span class=\"wpcf7-list-item-label\">Vor den Oberschenkeln<\/span><\/label><\/span><span class=\"wpcf7-list-item\"><label><input type=\"checkbox\" name=\"checkbox-105[]\" value=\"Seitlich bis zu den Oberschenkeln\" \/><span class=\"wpcf7-list-item-label\">Seitlich bis zu den Oberschenkeln<\/span><\/label><\/span><span class=\"wpcf7-list-item\"><label><input type=\"checkbox\" name=\"checkbox-105[]\" value=\"Ges\u00e4\u00df\" \/><span class=\"wpcf7-list-item-label\">Ges\u00e4\u00df<\/span><\/label><\/span><span class=\"wpcf7-list-item last\"><label><input type=\"checkbox\" name=\"checkbox-105[]\" value=\"Andere Gebiete\" \/><span class=\"wpcf7-list-item-label\">Andere Gebiete<\/span><\/label><\/span><\/span><\/span>\n\n    <div class=\"itm row domanda-text\">Frage 2<\/div>\n    <div class=\"itm row\">HAUTMANIFESTATIONEN DURCH CELLULITE (mindestens 1)*<\/div>\n    <span class=\"wpcf7-form-control-wrap\" data-name=\"checkbox-313\"><span class=\"wpcf7-form-control wpcf7-checkbox wpcf7-validates-as-required\"><span class=\"wpcf7-list-item first\"><label><input type=\"checkbox\" name=\"checkbox-313[]\" value=\"Gr\u00fcbchen\" \/><span class=\"wpcf7-list-item-label\">Gr\u00fcbchen<\/span><\/label><\/span><span class=\"wpcf7-list-item\"><label><input type=\"checkbox\" name=\"checkbox-313[]\" value=\"Schlaffe Haut\" \/><span class=\"wpcf7-list-item-label\">Schlaffe Haut<\/span><\/label><\/span><span class=\"wpcf7-list-item\"><label><input type=\"checkbox\" name=\"checkbox-313[]\" value=\"Dehnungsstreifen\" \/><span class=\"wpcf7-list-item-label\">Dehnungsstreifen<\/span><\/label><\/span><span class=\"wpcf7-list-item last\"><label><input type=\"checkbox\" name=\"checkbox-313[]\" value=\"Andere\" \/><span class=\"wpcf7-list-item-label\">Andere<\/span><\/label><\/span><\/span><\/span>\n\n    <div class=\"itm row domanda-text\">Frage 3<\/div>\n    <div class=\"itm row\">ART DER CELLULITE<\/div>\n    <label>Mit wenigen Gr\u00fcbchen unter 20<\/label>\n    <span class=\"wpcf7-form-control-wrap\" data-name=\"radio-123\"><span class=\"wpcf7-form-control wpcf7-radio\"><span class=\"wpcf7-list-item first\"><label><input type=\"radio\" name=\"radio-123\" value=\"ja\" \/><span class=\"wpcf7-list-item-label\">ja<\/span><\/label><\/span><span class=\"wpcf7-list-item last\"><label><input type=\"radio\" name=\"radio-123\" value=\"nein\" \/><span class=\"wpcf7-list-item-label\">nein<\/span><\/label><\/span><\/span><\/span>\n\n    <label>Mit mehr als 20 Gr\u00fcbchen<\/label>\n    <span class=\"wpcf7-form-control-wrap\" data-name=\"radio-431\"><span class=\"wpcf7-form-control wpcf7-radio\"><span class=\"wpcf7-list-item first\"><label><input type=\"radio\" name=\"radio-431\" value=\"ja\" \/><span class=\"wpcf7-list-item-label\">ja<\/span><\/label><\/span><span class=\"wpcf7-list-item last\"><label><input type=\"radio\" name=\"radio-431\" value=\"nein\" \/><span class=\"wpcf7-list-item-label\">nein<\/span><\/label><\/span><\/span><\/span>\n\n    <label>Mit mehr als 20 Gr\u00fcbchen und schlaffer Haut<\/label>\n    <span class=\"wpcf7-form-control-wrap\" data-name=\"radio-754\"><span class=\"wpcf7-form-control wpcf7-radio\"><span class=\"wpcf7-list-item first\"><label><input type=\"radio\" name=\"radio-754\" value=\"ja\" \/><span class=\"wpcf7-list-item-label\">ja<\/span><\/label><\/span><span class=\"wpcf7-list-item last\"><label><input type=\"radio\" name=\"radio-754\" value=\"nein\" \/><span class=\"wpcf7-list-item-label\">nein<\/span><\/label><\/span><\/span><\/span>\n\n    <label>Mit vielen Gr\u00fcbchen und mit Fibrose<\/label>\n    <span class=\"wpcf7-form-control-wrap\" data-name=\"radio-790\"><span class=\"wpcf7-form-control wpcf7-radio\"><span class=\"wpcf7-list-item first\"><label><input type=\"radio\" name=\"radio-790\" value=\"ja\" \/><span class=\"wpcf7-list-item-label\">ja<\/span><\/label><\/span><span class=\"wpcf7-list-item last\"><label><input type=\"radio\" name=\"radio-790\" value=\"nein\" \/><span class=\"wpcf7-list-item-label\">nein<\/span><\/label><\/span><\/span><\/span>\n\n    <label class=\"domanda-text\">Frage 4<\/label>\n    <div class=\"flex\">\n        <div class=\"itm row\">\n            <label>ALTER*<\/label>\n            <span class=\"wpcf7-form-control-wrap\" data-name=\"your-age\"><input size=\"40\" maxlength=\"400\" class=\"wpcf7-form-control wpcf7-text wpcf7-validates-as-required\" aria-required=\"true\" aria-invalid=\"false\" value=\"\" type=\"text\" name=\"your-age\" \/><\/span>\n        <\/div>\n        <div class=\"itm row\">\n              <label>H\u00d6HE IN CM*<\/label>     \n              <span class=\"wpcf7-form-control-wrap\" data-name=\"your-height\"><input size=\"40\" maxlength=\"400\" class=\"wpcf7-form-control wpcf7-text wpcf7-validates-as-required\" aria-required=\"true\" aria-invalid=\"false\" value=\"\" type=\"text\" name=\"your-height\" \/><\/span>\n         <\/div>\n    <\/div>\n    <div class=\"itm row\">\n        <label>GEWICHT IN Kg.*<\/label> \n        <span class=\"wpcf7-form-control-wrap\" data-name=\"your-weight\"><input size=\"40\" maxlength=\"400\" class=\"wpcf7-form-control wpcf7-text wpcf7-validates-as-required\" aria-required=\"true\" aria-invalid=\"false\" value=\"\" type=\"text\" name=\"your-weight\" \/><\/span>\n    <\/div>\n    \n    <label>GEWICHTSVER\u00c4NDERUNG IN DEN LETZTEN 6 MONATEN<\/label>\n    <span class=\"wpcf7-form-control-wrap\" data-name=\"radio-272\"><span class=\"wpcf7-form-control wpcf7-radio\"><span class=\"wpcf7-list-item first\"><label><input type=\"radio\" name=\"radio-272\" value=\"ja\" \/><span class=\"wpcf7-list-item-label\">ja<\/span><\/label><\/span><span class=\"wpcf7-list-item last\"><label><input type=\"radio\" name=\"radio-272\" value=\"nein\" \/><span class=\"wpcf7-list-item-label\">nein<\/span><\/label><\/span><\/span><\/span>\n\n\n    <label class=\"domanda-text\">Frage 5<\/label>\n    <div class=\"itm row\">\n        <label>ARBEITST\u00c4TIGKEIT<\/label> \n        <span class=\"wpcf7-form-control-wrap\" data-name=\"your-working\"><input size=\"40\" maxlength=\"400\" class=\"wpcf7-form-control wpcf7-text wpcf7-validates-as-required\" aria-required=\"true\" aria-invalid=\"false\" value=\"\" type=\"text\" name=\"your-working\" \/><\/span>\n    <\/div>\n\n        \n    <p class=\"info-text\">Die Informationen werden direkt an unseren Cellulite-Experten \u00fcbermittelt und nicht auf der Website gespeichert. Mit der Nutzung dieses Formulars erkl\u00e4ren Sie sich mit der Speicherung und Verarbeitung Ihrer Daten durch den Empf\u00e4nger einverstanden.<\/p>\n    <div class=\"itm row\">\n        <label>Name*<\/label> \n        <span class=\"wpcf7-form-control-wrap\" data-name=\"your-name\"><input size=\"40\" maxlength=\"400\" class=\"wpcf7-form-control wpcf7-text wpcf7-validates-as-required\" aria-required=\"true\" aria-invalid=\"false\" value=\"\" type=\"text\" name=\"your-name\" \/><\/span>\n    <\/div>\n\n    <div class=\"itm row\">\n        <label>Nachname*<\/label> \n        <span class=\"wpcf7-form-control-wrap\" data-name=\"your-surname\"><input size=\"40\" maxlength=\"400\" class=\"wpcf7-form-control wpcf7-text\" aria-invalid=\"false\" value=\"\" type=\"text\" name=\"your-surname\" \/><\/span>\n    <\/div>\n\n    <div class=\"itm row\">\n        <label>Email*<\/label> \n        <span class=\"wpcf7-form-control-wrap\" data-name=\"your-email\"><input size=\"40\" maxlength=\"400\" class=\"wpcf7-form-control wpcf7-email wpcf7-validates-as-required wpcf7-text wpcf7-validates-as-email\" aria-required=\"true\" aria-invalid=\"false\" value=\"\" type=\"email\" name=\"your-email\" \/><\/span>\n    <\/div>\n\n    <div class=\"itm row\">\n        <label>Telefon*<\/label> \n        <span class=\"wpcf7-form-control-wrap\" data-name=\"your-phone\"><input size=\"40\" maxlength=\"400\" class=\"wpcf7-form-control wpcf7-tel wpcf7-validates-as-required wpcf7-text wpcf7-validates-as-tel\" aria-required=\"true\" aria-invalid=\"false\" value=\"\" type=\"tel\" name=\"your-phone\" \/><\/span>\n    <\/div>\n\n    <div class=\"itm row\"><input class=\"wpcf7-form-control wpcf7-submit has-spinner btn-contact\" type=\"submit\" value=\"Schicken\" \/><\/div>\n<\/div><div class=\"wpcf7-response-output\" aria-hidden=\"true\"><\/div>\n<\/form>\n<\/div>\n[vc_empty_space alter_height=&#8221;none&#8221; hide_on_wide=&#8221;&#8221; hide_on_desktop=&#8221;&#8221; hide_on_notebook=&#8221;&#8221; hide_on_tablet=&#8221;&#8221; hide_on_mobile=&#8221;&#8221;][\/vc_column][\/vc_row]<\/p>\n<\/div>","protected":false},"excerpt":{"rendered":"<p>[vc_row full_width=&#8221;stretch_row&#8221; hide_bg_image_on_tablet=&#8221;&#8221; hide_bg_image_on_mobile=&#8221;&#8221; row_delimiter=&#8221;&#8221; row_hide_unfixed=&#8221;&#8221; hide_on_wide=&#8221;&#8221; hide_on_desktop=&#8221;&#8221; hide_on_notebook=&#8221;&#8221; hide_on_tablet=&#8221;&#8221; hide_on_mobile=&#8221;&#8221; hide_on_frontpage=&#8221;&#8221; hide_on_singular=&#8221;&#8221; hide_on_other=&#8221;&#8221; css=&#8221;.vc_custom_1670487867268{background-size: cover !important;}&#8221;][vc_column width=&#8221;1\/4&#8243; icons_position=&#8221;left&#8221;][\/vc_column][vc_column width=&#8221;1\/2&#8243; hide_bg_image_on_tablet=&#8221;&#8221; hide_bg_image_on_mobile=&#8221;&#8221; icons_position=&#8221;left&#8221;][vc_empty_space alter_height=&#8221;none&#8221; hide_on_wide=&#8221;&#8221;&hellip;<\/p>\n","protected":false},"author":1,"featured_media":0,"parent":0,"menu_order":0,"comment_status":"closed","ping_status":"closed","template":"","meta":{"footnotes":""},"class_list":["post-1672","page","type-page","status-publish","hentry"],"yoast_head":"<!-- This site is optimized with the Yoast SEO plugin v26.4 - https:\/\/yoast.com\/wordpress\/plugins\/seo\/ -->\n<title>Anti-Ageing-Therapie Lugano - Medi Jeunesse Lugano<\/title>\n<meta name=\"description\" content=\"Anti-Aging-Behandlungen sind speziell darauf ausgerichtet, das Erscheinungsbild von Falten, feinen Linien und schlaffer Haut zu reduzieren. F\u00fcr weitere Informationen kontaktieren Sie uns noch heute!\" \/>\n<meta name=\"robots\" content=\"index, follow, max-snippet:-1, max-image-preview:large, max-video-preview:-1\" \/>\n<link rel=\"canonical\" href=\"https:\/\/jenevi.ch\/de\/cellulite-test\/\" \/>\n<meta property=\"og:locale\" content=\"de_DE\" \/>\n<meta property=\"og:type\" content=\"article\" \/>\n<meta property=\"og:title\" content=\"Anti-Ageing-Therapie Lugano - Medi Jeunesse Lugano\" \/>\n<meta property=\"og:description\" content=\"Anti-Aging-Behandlungen sind speziell darauf ausgerichtet, das Erscheinungsbild von Falten, feinen Linien und schlaffer Haut zu reduzieren. F\u00fcr weitere Informationen kontaktieren Sie uns noch heute!\" \/>\n<meta property=\"og:url\" content=\"https:\/\/jenevi.ch\/de\/cellulite-test\/\" \/>\n<meta property=\"og:site_name\" content=\"Jenev\u00ec Lugano\" \/>\n<meta property=\"article:publisher\" content=\"https:\/\/www.facebook.com\/Medijeunesseclinic\" \/>\n<meta property=\"article:modified_time\" content=\"2023-06-07T13:37:21+00:00\" \/>\n<meta name=\"twitter:card\" content=\"summary_large_image\" \/>\n<meta name=\"twitter:site\" content=\"@MedijeunesseSA\" \/>\n<meta name=\"twitter:label1\" content=\"Est. reading time\" \/>\n\t<meta name=\"twitter:data1\" content=\"1 minute\" \/>\n<script type=\"application\/ld+json\" class=\"yoast-schema-graph\">{\"@context\":\"https:\/\/schema.org\",\"@graph\":[{\"@type\":\"WebPage\",\"@id\":\"https:\/\/jenevi.ch\/de\/cellulite-test\/\",\"url\":\"https:\/\/jenevi.ch\/de\/cellulite-test\/\",\"name\":\"Anti-Ageing-Therapie Lugano - Medi Jeunesse Lugano\",\"isPartOf\":{\"@id\":\"https:\/\/jenevi.ch\/de\/#website\"},\"datePublished\":\"2018-02-01T10:42:26+00:00\",\"dateModified\":\"2023-06-07T13:37:21+00:00\",\"description\":\"Anti-Aging-Behandlungen sind speziell darauf ausgerichtet, das Erscheinungsbild von Falten, feinen Linien und schlaffer Haut zu reduzieren. F\u00fcr weitere Informationen kontaktieren Sie uns noch heute!\",\"breadcrumb\":{\"@id\":\"https:\/\/jenevi.ch\/de\/cellulite-test\/#breadcrumb\"},\"inLanguage\":\"de-DE\",\"potentialAction\":[{\"@type\":\"ReadAction\",\"target\":[\"https:\/\/jenevi.ch\/de\/cellulite-test\/\"]}]},{\"@type\":\"BreadcrumbList\",\"@id\":\"https:\/\/jenevi.ch\/de\/cellulite-test\/#breadcrumb\",\"itemListElement\":[{\"@type\":\"ListItem\",\"position\":1,\"name\":\"Home\",\"item\":\"https:\/\/jenevi.ch\/de\/\"},{\"@type\":\"ListItem\",\"position\":2,\"name\":\"Cellulite-Test\"}]},{\"@type\":\"WebSite\",\"@id\":\"https:\/\/jenevi.ch\/de\/#website\",\"url\":\"https:\/\/jenevi.ch\/de\/\",\"name\":\"MEDIJEUNESSECLINIC\",\"description\":\"Jenev\u00ec Lugano\",\"publisher\":{\"@id\":\"https:\/\/jenevi.ch\/de\/#organization\"},\"potentialAction\":[{\"@type\":\"SearchAction\",\"target\":{\"@type\":\"EntryPoint\",\"urlTemplate\":\"https:\/\/jenevi.ch\/de\/?s={search_term_string}\"},\"query-input\":{\"@type\":\"PropertyValueSpecification\",\"valueRequired\":true,\"valueName\":\"search_term_string\"}}],\"inLanguage\":\"de-DE\"},{\"@type\":\"Organization\",\"@id\":\"https:\/\/jenevi.ch\/de\/#organization\",\"name\":\"MEDIJEUNESSE SA\",\"url\":\"https:\/\/jenevi.ch\/de\/\",\"logo\":{\"@type\":\"ImageObject\",\"inLanguage\":\"de-DE\",\"@id\":\"https:\/\/jenevi.ch\/de\/#\/schema\/logo\/image\/\",\"url\":\"https:\/\/jenevi.ch\/wp-content\/uploads\/2025\/12\/cropped-logo-new-jenevi-lugano.jpeg\",\"contentUrl\":\"https:\/\/jenevi.ch\/wp-content\/uploads\/2025\/12\/cropped-logo-new-jenevi-lugano.jpeg\",\"width\":1321,\"height\":729,\"caption\":\"MEDIJEUNESSE SA\"},\"image\":{\"@id\":\"https:\/\/jenevi.ch\/de\/#\/schema\/logo\/image\/\"},\"sameAs\":[\"https:\/\/www.facebook.com\/Medijeunesseclinic\",\"https:\/\/x.com\/MedijeunesseSA\",\"https:\/\/www.linkedin.com\/company\/medi-jeunesse\/\",\"https:\/\/www.instagram.com\/medijeunesseclinic\/\"]}]}<\/script>\n<!-- \/ Yoast SEO plugin. -->","yoast_head_json":{"title":"Anti-Ageing-Therapie Lugano - Medi Jeunesse Lugano","description":"Anti-Aging-Behandlungen sind speziell darauf ausgerichtet, das Erscheinungsbild von Falten, feinen Linien und schlaffer Haut zu reduzieren. F\u00fcr weitere Informationen kontaktieren Sie uns noch heute!","robots":{"index":"index","follow":"follow","max-snippet":"max-snippet:-1","max-image-preview":"max-image-preview:large","max-video-preview":"max-video-preview:-1"},"canonical":"https:\/\/jenevi.ch\/de\/cellulite-test\/","og_locale":"de_DE","og_type":"article","og_title":"Anti-Ageing-Therapie Lugano - Medi Jeunesse Lugano","og_description":"Anti-Aging-Behandlungen sind speziell darauf ausgerichtet, das Erscheinungsbild von Falten, feinen Linien und schlaffer Haut zu reduzieren. F\u00fcr weitere Informationen kontaktieren Sie uns noch heute!","og_url":"https:\/\/jenevi.ch\/de\/cellulite-test\/","og_site_name":"Jenev\u00ec Lugano","article_publisher":"https:\/\/www.facebook.com\/Medijeunesseclinic","article_modified_time":"2023-06-07T13:37:21+00:00","twitter_card":"summary_large_image","twitter_site":"@MedijeunesseSA","twitter_misc":{"Est. reading time":"1 minute"},"schema":{"@context":"https:\/\/schema.org","@graph":[{"@type":"WebPage","@id":"https:\/\/jenevi.ch\/de\/cellulite-test\/","url":"https:\/\/jenevi.ch\/de\/cellulite-test\/","name":"Anti-Ageing-Therapie Lugano - Medi Jeunesse Lugano","isPartOf":{"@id":"https:\/\/jenevi.ch\/de\/#website"},"datePublished":"2018-02-01T10:42:26+00:00","dateModified":"2023-06-07T13:37:21+00:00","description":"Anti-Aging-Behandlungen sind speziell darauf ausgerichtet, das Erscheinungsbild von Falten, feinen Linien und schlaffer Haut zu reduzieren. F\u00fcr weitere Informationen kontaktieren Sie uns noch heute!","breadcrumb":{"@id":"https:\/\/jenevi.ch\/de\/cellulite-test\/#breadcrumb"},"inLanguage":"de-DE","potentialAction":[{"@type":"ReadAction","target":["https:\/\/jenevi.ch\/de\/cellulite-test\/"]}]},{"@type":"BreadcrumbList","@id":"https:\/\/jenevi.ch\/de\/cellulite-test\/#breadcrumb","itemListElement":[{"@type":"ListItem","position":1,"name":"Home","item":"https:\/\/jenevi.ch\/de\/"},{"@type":"ListItem","position":2,"name":"Cellulite-Test"}]},{"@type":"WebSite","@id":"https:\/\/jenevi.ch\/de\/#website","url":"https:\/\/jenevi.ch\/de\/","name":"MEDIJEUNESSECLINIC","description":"Jenev\u00ec Lugano","publisher":{"@id":"https:\/\/jenevi.ch\/de\/#organization"},"potentialAction":[{"@type":"SearchAction","target":{"@type":"EntryPoint","urlTemplate":"https:\/\/jenevi.ch\/de\/?s={search_term_string}"},"query-input":{"@type":"PropertyValueSpecification","valueRequired":true,"valueName":"search_term_string"}}],"inLanguage":"de-DE"},{"@type":"Organization","@id":"https:\/\/jenevi.ch\/de\/#organization","name":"MEDIJEUNESSE SA","url":"https:\/\/jenevi.ch\/de\/","logo":{"@type":"ImageObject","inLanguage":"de-DE","@id":"https:\/\/jenevi.ch\/de\/#\/schema\/logo\/image\/","url":"https:\/\/jenevi.ch\/wp-content\/uploads\/2025\/12\/cropped-logo-new-jenevi-lugano.jpeg","contentUrl":"https:\/\/jenevi.ch\/wp-content\/uploads\/2025\/12\/cropped-logo-new-jenevi-lugano.jpeg","width":1321,"height":729,"caption":"MEDIJEUNESSE SA"},"image":{"@id":"https:\/\/jenevi.ch\/de\/#\/schema\/logo\/image\/"},"sameAs":["https:\/\/www.facebook.com\/Medijeunesseclinic","https:\/\/x.com\/MedijeunesseSA","https:\/\/www.linkedin.com\/company\/medi-jeunesse\/","https:\/\/www.instagram.com\/medijeunesseclinic\/"]}]}},"_links":{"self":[{"href":"https:\/\/jenevi.ch\/de\/wp-json\/wp\/v2\/pages\/1672","targetHints":{"allow":["GET"]}}],"collection":[{"href":"https:\/\/jenevi.ch\/de\/wp-json\/wp\/v2\/pages"}],"about":[{"href":"https:\/\/jenevi.ch\/de\/wp-json\/wp\/v2\/types\/page"}],"author":[{"embeddable":true,"href":"https:\/\/jenevi.ch\/de\/wp-json\/wp\/v2\/users\/1"}],"replies":[{"embeddable":true,"href":"https:\/\/jenevi.ch\/de\/wp-json\/wp\/v2\/comments?post=1672"}],"version-history":[{"count":4,"href":"https:\/\/jenevi.ch\/de\/wp-json\/wp\/v2\/pages\/1672\/revisions"}],"predecessor-version":[{"id":2159,"href":"https:\/\/jenevi.ch\/de\/wp-json\/wp\/v2\/pages\/1672\/revisions\/2159"}],"wp:attachment":[{"href":"https:\/\/jenevi.ch\/de\/wp-json\/wp\/v2\/media?parent=1672"}],"curies":[{"name":"wp","href":"https:\/\/api.w.org\/{rel}","templated":true}]}}